{"id":11,"date":"2023-10-26T23:30:46","date_gmt":"2023-10-26T23:30:46","guid":{"rendered":"https:\/\/divaniceni.com\/?page_id=11"},"modified":"2025-04-02T12:23:34","modified_gmt":"2025-04-02T15:23:34","slug":"sobre-nos","status":"publish","type":"page","link":"https:\/\/divaniceni.com\/?page_id=11","title":{"rendered":"Sobre N\u00f3s"},"content":{"rendered":"<style>\/*! elementor - v3.19.0 - 07-02-2024 *\/<br \/>\n.elementor-heading-title{padding:0;margin:0;line-height:1}.elementor-widget-heading .elementor-heading-title[class*=elementor-size-]>a{color:inherit;font-size:inherit;line-height:inherit}.elementor-widget-heading .elementor-heading-title.elementor-size-small{font-size:15px}.elementor-widget-heading .elementor-heading-title.elementor-size-medium{font-size:19px}.elementor-widget-heading .elementor-heading-title.elementor-size-large{font-size:29px}.elementor-widget-heading .elementor-heading-title.elementor-size-xl{font-size:39px}.elementor-widget-heading .elementor-heading-title.elementor-size-xxl{font-size:59px}<\/style>\n<p data-pm-slice=\"1 1 []\"><strong>Bem-vindo ao nosso blog!<\/strong><\/p>\n<p>Aqui, acreditamos que a informa\u00e7\u00e3o de qualidade tem o poder de transformar vidas. Nosso objetivo \u00e9 trazer conte\u00fado relevante, inspirador e educativo sobre diversos temas, ajudando voc\u00ea a se manter atualizado e bem-informado.<\/p>\n<p>Com uma abordagem leve e acess\u00edvel, buscamos abordar assuntos que fazem diferen\u00e7a no seu dia a dia, sempre com responsabilidade e embasamento. Seja bem-estar, sa\u00fade, estilo de vida, tecnologia, desenvolvimento pessoal ou qualquer outro tema de interesse, nosso compromisso \u00e9 oferecer artigos que agreguem valor \u00e0 sua jornada.<\/p>\n<p>Nosso time \u00e9 composto por apaixonados por conhecimento, sempre prontos para explorar novas ideias e compartilhar insights que possam fazer a diferen\u00e7a na sua vida.<\/p>\n<p>Fique \u00e0 vontade para navegar pelo nosso conte\u00fado, interagir e compartilhar suas opini\u00f5es. Afinal, este espa\u00e7o tamb\u00e9m \u00e9 seu!<\/p>\n<p>Obrigado por estar aqui. Vamos juntos nessa jornada de aprendizado e crescimento!<\/p>\n","protected":false},"excerpt":{"rendered":"<p>Bem-vindo ao nosso blog! Aqui, acreditamos que a informa\u00e7\u00e3o de qualidade tem o poder de transformar vidas. Nosso objetivo \u00e9 trazer conte\u00fado relevante, inspirador e educativo sobre diversos temas, ajudando voc\u00ea a se manter atualizado e bem-informado. Com uma abordagem leve e acess\u00edvel, buscamos abordar assuntos que fazem diferen\u00e7a no seu dia a dia, sempre&hellip;&nbsp;<a href=\"https:\/\/divaniceni.com\/?page_id=11\" rel=\"bookmark\">Continue a ler &raquo;<span class=\"screen-reader-text\">Sobre N\u00f3s<\/span><\/a><\/p>\n","protected":false},"author":7,"featured_media":0,"parent":0,"menu_order":0,"comment_status":"closed","ping_status":"closed","template":"","meta":{"neve_meta_sidebar":"","neve_meta_container":"","neve_meta_enable_content_width":"","neve_meta_content_width":0,"neve_meta_title_alignment":"","neve_meta_author_avatar":"","neve_post_elements_order":"","neve_meta_disable_header":"","neve_meta_disable_footer":"","neve_meta_disable_title":"","footnotes":""},"class_list":["post-11","page","type-page","status-publish","hentry"],"_links":{"self":[{"href":"https:\/\/divaniceni.com\/index.php?rest_route=\/wp\/v2\/pages\/11","targetHints":{"allow":["GET"]}}],"collection":[{"href":"https:\/\/divaniceni.com\/index.php?rest_route=\/wp\/v2\/pages"}],"about":[{"href":"https:\/\/divaniceni.com\/index.php?rest_route=\/wp\/v2\/types\/page"}],"author":[{"embeddable":true,"href":"https:\/\/divaniceni.com\/index.php?rest_route=\/wp\/v2\/users\/7"}],"replies":[{"embeddable":true,"href":"https:\/\/divaniceni.com\/index.php?rest_route=%2Fwp%2Fv2%2Fcomments&post=11"}],"version-history":[{"count":35,"href":"https:\/\/divaniceni.com\/index.php?rest_route=\/wp\/v2\/pages\/11\/revisions"}],"predecessor-version":[{"id":1074,"href":"https:\/\/divaniceni.com\/index.php?rest_route=\/wp\/v2\/pages\/11\/revisions\/1074"}],"wp:attachment":[{"href":"https:\/\/divaniceni.com\/index.php?rest_route=%2Fwp%2Fv2%2Fmedia&parent=11"}],"curies":[{"name":"wp","href":"https:\/\/api.w.org\/{rel}","templated":true}]}}